{"id":784,"date":"2024-04-04T07:04:27","date_gmt":"2024-04-04T07:04:27","guid":{"rendered":"https:\/\/pspyazilim.com\/?page_id=784"},"modified":"2026-01-16T11:42:21","modified_gmt":"2026-01-16T08:42:21","slug":"oto-servis-programi","status":"publish","type":"page","link":"https:\/\/pspyazilim.com\/?page_id=784","title":{"rendered":"OTO SERV\u0130S PROGRAMI"},"content":{"rendered":"\t\t<div data-elementor-type=\"wp-page\" data-elementor-id=\"784\" class=\"elementor elementor-784\" data-elementor-post-type=\"page\">\n\t\t\t\t<div class=\"elementor-element elementor-element-bfcf81a e-con-full e-flex e-con e-parent\" data-id=\"bfcf81a\" data-element_type=\"container\" data-e-type=\"container\">\n\t\t\t\t<div class=\"elementor-element elementor-element-bc2f72f elementor-widget__width-inherit elementor-widget elementor-widget-n-carousel\" data-id=\"bc2f72f\" data-element_type=\"widget\" data-e-type=\"widget\" data-settings=\"{&quot;carousel_items&quot;:[{&quot;slide_title&quot;:&quot;Slide #1&quot;,&quot;_id&quot;:&quot;e995975&quot;}],&quot;slides_to_show&quot;:&quot;1&quot;,&quot;slides_to_show_tablet&quot;:&quot;2&quot;,&quot;slides_to_show_mobile&quot;:&quot;1&quot;,&quot;speed&quot;:500,&quot;image_spacing_custom&quot;:{&quot;unit&quot;:&quot;px&quot;,&quot;size&quot;:10,&quot;sizes&quot;:[]},&quot;image_spacing_custom_tablet&quot;:{&quot;unit&quot;:&quot;px&quot;,&quot;size&quot;:&quot;&quot;,&quot;sizes&quot;:[]},&quot;image_spacing_custom_mobile&quot;:{&quot;unit&quot;:&quot;px&quot;,&quot;size&quot;:&quot;&quot;,&quot;sizes&quot;:[]}}\" data-widget_type=\"nested-carousel.default\">\n\t\t\t\t\t\t\t<div class=\"e-n-carousel swiper\" role=\"region\" aria-roledescription=\"carousel\" aria-label=\"Carousel\" dir=\"ltr\">\n\t\t\t<div class=\"swiper-wrapper\" aria-live=\"polite\">\n\t\t\t\t\t\t\t\t\t\t<div class=\"swiper-slide\" data-slide=\"1\" role=\"group\" aria-roledescription=\"slide\" aria-label=\"1 of 1\">\n\t\t\t\t\t\t\t<div class=\"elementor-element elementor-element-3109f97 e-con-full e-flex e-con e-child\" data-id=\"3109f97\" data-element_type=\"container\" data-e-type=\"container\">\n\t\t<div class=\"elementor-element elementor-element-cf44048 e-con-full e-flex e-con e-child\" data-id=\"cf44048\" data-element_type=\"container\" data-e-type=\"container\" data-settings=\"{&quot;background_background&quot;:&quot;classic&quot;,&quot;shape_divider_top&quot;:&quot;mountains&quot;,&quot;shape_divider_bottom&quot;:&quot;mountains&quot;}\">\n\t\t\t\t<div class=\"elementor-shape elementor-shape-top\" aria-hidden=\"true\" data-negative=\"false\">\n\t\t\t<svg xmlns=\"http:\/\/www.w3.org\/2000\/svg\" viewBox=\"0 0 1000 100\" preserveAspectRatio=\"none\">\n\t<path class=\"elementor-shape-fill\" opacity=\"0.33\" d=\"M473,67.3c-203.9,88.3-263.1-34-320.3,0C66,119.1,0,59.7,0,59.7V0h1000v59.7 c0,0-62.1,26.1-94.9,29.3c-32.8,3.3-62.8-12.3-75.8-22.1C806,49.6,745.3,8.7,694.9,4.7S492.4,59,473,67.3z\"\/>\n\t<path class=\"elementor-shape-fill\" opacity=\"0.66\" d=\"M734,67.3c-45.5,0-77.2-23.2-129.1-39.1c-28.6-8.7-150.3-10.1-254,39.1 s-91.7-34.4-149.2,0C115.7,118.3,0,39.8,0,39.8V0h1000v36.5c0,0-28.2-18.5-92.1-18.5C810.2,18.1,775.7,67.3,734,67.3z\"\/>\n\t<path class=\"elementor-shape-fill\" d=\"M766.1,28.9c-200-57.5-266,65.5-395.1,19.5C242,1.8,242,5.4,184.8,20.6C128,35.8,132.3,44.9,89.9,52.5C28.6,63.7,0,0,0,0 h1000c0,0-9.9,40.9-83.6,48.1S829.6,47,766.1,28.9z\"\/>\n<\/svg>\t\t<\/div>\n\t\t\t\t<div class=\"elementor-shape elementor-shape-bottom\" aria-hidden=\"true\" data-negative=\"false\">\n\t\t\t<svg xmlns=\"http:\/\/www.w3.org\/2000\/svg\" viewBox=\"0 0 1000 100\" preserveAspectRatio=\"none\">\n\t<path class=\"elementor-shape-fill\" opacity=\"0.33\" d=\"M473,67.3c-203.9,88.3-263.1-34-320.3,0C66,119.1,0,59.7,0,59.7V0h1000v59.7 c0,0-62.1,26.1-94.9,29.3c-32.8,3.3-62.8-12.3-75.8-22.1C806,49.6,745.3,8.7,694.9,4.7S492.4,59,473,67.3z\"\/>\n\t<path class=\"elementor-shape-fill\" opacity=\"0.66\" d=\"M734,67.3c-45.5,0-77.2-23.2-129.1-39.1c-28.6-8.7-150.3-10.1-254,39.1 s-91.7-34.4-149.2,0C115.7,118.3,0,39.8,0,39.8V0h1000v36.5c0,0-28.2-18.5-92.1-18.5C810.2,18.1,775.7,67.3,734,67.3z\"\/>\n\t<path class=\"elementor-shape-fill\" d=\"M766.1,28.9c-200-57.5-266,65.5-395.1,19.5C242,1.8,242,5.4,184.8,20.6C128,35.8,132.3,44.9,89.9,52.5C28.6,63.7,0,0,0,0 h1000c0,0-9.9,40.9-83.6,48.1S829.6,47,766.1,28.9z\"\/>\n<\/svg>\t\t<\/div>\n\t\t\t\t<div class=\"elementor-element elementor-element-3821498 elementor-widget__width-inherit elementor-widget elementor-widget-heading\" data-id=\"3821498\" data-element_type=\"widget\" data-e-type=\"widget\" data-widget_type=\"heading.default\">\n\t\t\t\t\t<h1 class=\"elementor-heading-title elementor-size-default\">Oto Servis Program\u0131<\/h1>\t\t\t\t<\/div>\n\t\t\t\t<\/div>\n\t\t\t\t<\/div>\n\t\t\t\t\t\t\t\t<\/div>\n\t\t\t\t\t\t\t\t<\/div>\n\t\t<\/div>\n\t\t\t\t\t\t<\/div>\n\t\t\t\t<\/div>\n\t\t<div class=\"elementor-element elementor-element-65a2348 e-flex e-con-boxed e-con e-parent\" data-id=\"65a2348\" data-element_type=\"container\" data-e-type=\"container\" data-settings=\"{&quot;background_background&quot;:&quot;classic&quot;}\">\n\t\t\t\t\t<div class=\"e-con-inner\">\n\t\t<div class=\"elementor-element elementor-element-7a71d93 e-con-full e-flex e-con e-child\" data-id=\"7a71d93\" data-element_type=\"container\" data-e-type=\"container\">\n\t\t\t\t<div class=\"elementor-element elementor-element-efe419e elementor-widget__width-inherit elementor-widget elementor-widget-sidebar\" data-id=\"efe419e\" data-element_type=\"widget\" data-e-type=\"widget\" data-widget_type=\"sidebar.default\">\n\t\t\t\t\t<section id=\"text-4\" class=\"widget widget_text\"><h2 class=\"widget-title\">\u00dcR\u00dcNLER\u0130M\u0130Z<\/h2>\t\t\t<div class=\"textwidget\"><p><a href=\"https:\/\/pspyazilim.com\/?page_id=669\">Sigorta Acente Program\u0131<\/a><br \/>\n<a href=\"https:\/\/pspyazilim.com\/?page_id=809\">\u015eube Program\u0131<\/a><br \/>\n<a href=\"https:\/\/pspyazilim.com\/?page_id=784\">Oto Servis Program\u0131<\/a><br \/>\n<a href=\"https:\/\/pspyazilim.com\/?page_id=837\">Sigorta Web Sitesi<\/a><br \/>\n<a href=\"https:\/\/pspyazilim.com\/?page_id=817\">Kurumsal E-Posta<\/a><br \/>\n<a href=\"https:\/\/pspyazilim.com\/?page_id=1194\">\u00d6zel Yaz\u0131l\u0131m \u00c7\u00f6z\u00fcmleri<\/a><\/p>\n<\/div>\n\t\t<\/section>\t\t\t\t<\/div>\n\t\t\t\t<\/div>\n\t\t<div class=\"elementor-element elementor-element-70ca95c e-con-full e-flex e-con e-child\" data-id=\"70ca95c\" data-element_type=\"container\" data-e-type=\"container\">\n\t\t\t\t<div class=\"elementor-element elementor-element-07859d3 e-transform elementor-widget elementor-widget-heading\" data-id=\"07859d3\" data-element_type=\"widget\" data-e-type=\"widget\" data-settings=\"{&quot;_transform_scale_effect_hover&quot;:{&quot;unit&quot;:&quot;px&quot;,&quot;size&quot;:&quot;&quot;,&quot;sizes&quot;:[]},&quot;_transform_scale_effect_hover_tablet&quot;:{&quot;unit&quot;:&quot;px&quot;,&quot;size&quot;:&quot;&quot;,&quot;sizes&quot;:[]},&quot;_transform_scale_effect_hover_mobile&quot;:{&quot;unit&quot;:&quot;px&quot;,&quot;size&quot;:&quot;&quot;,&quot;sizes&quot;:[]}}\" data-widget_type=\"heading.default\">\n\t\t\t\t\t<h2 class=\"elementor-heading-title elementor-size-default\">Oto Servis Program\u0131 Ba\u015fl\u0131ca \u00d6zellikleri<\/h2>\t\t\t\t<\/div>\n\t\t\t\t<div class=\"elementor-element elementor-element-05b516e elementor-widget elementor-widget-text-editor\" data-id=\"05b516e\" data-element_type=\"widget\" data-e-type=\"widget\" data-settings=\"{&quot;_animation&quot;:&quot;none&quot;}\" data-widget_type=\"text-editor.default\">\n\t\t\t\t\t\t\t\t\t<p><strong>Oto Servis Program\u0131nda,<\/strong> <strong>Sigorta Acente Program\u0131na<\/strong> ek olarak Sigorta \u015eirketleri ile anla\u015fmal\u0131 Oto Boya, Kaporta ve Oto Servisleri i\u00e7in ek \u00f6zellikler bulunmaktad\u0131r.<\/p><ul><li><strong>Stok Kart\u0131 Tan\u0131mlamas\u0131<\/strong><\/li><li><strong>\u0130\u015f\u00e7ilik Kart\u0131 Tan\u0131mlamas\u0131<\/strong><\/li><li><strong>Ara\u00e7 Kart\u0131 Tan\u0131mlamas\u0131<\/strong><\/li><li><strong>Cari Kart Tan\u0131mlamas\u0131<\/strong><\/li><li><strong>Eksper Kart\u0131 Tan\u0131mlamas\u0131<\/strong><\/li><li><strong>Sigorta \u015eirket Tan\u0131mlamas\u0131<\/strong><\/li><li><strong>Hasar Servi\u015f Giri\u015fi<\/strong><\/li><li><strong>Fatura \u0130\u015flemleri<\/strong><\/li><li><strong>M\u00fc\u015fteri Cari Hareket<\/strong><\/li><li><strong>Kasa Hareketleri<\/strong><\/li><li><strong>Banka \u0130\u015flemleri<\/strong><\/li><li><strong>Raporlar<\/strong><ul><li>M\u00fc\u015fteri Bakiye Raporu<\/li><li>Stok Durum Raporu<\/li><li>M\u00fc\u015fteri Tan\u0131ml\u0131 Ara\u00e7 Listesi<\/li><li>M\u00fc\u015fteri Hasar Giri\u015f Detay Raporu<\/li><li>Kar Zarar Durum Raporu<\/li><\/ul><\/li><li><strong>Servis<\/strong><ul><li>Kullan\u0131c\u0131 Tan\u0131m ve Yetkileri<\/li><li>Program Ayarlar\u0131<\/li><\/ul><\/li><\/ul>\t\t\t\t\t\t\t\t<\/div>\n\t\t\t\t<div class=\"elementor-element elementor-element-2fa8205 e-transform elementor-widget elementor-widget-heading\" data-id=\"2fa8205\" data-element_type=\"widget\" data-e-type=\"widget\" data-settings=\"{&quot;_transform_scale_effect_hover&quot;:{&quot;unit&quot;:&quot;px&quot;,&quot;size&quot;:&quot;&quot;,&quot;sizes&quot;:[]},&quot;_transform_scale_effect_hover_tablet&quot;:{&quot;unit&quot;:&quot;px&quot;,&quot;size&quot;:&quot;&quot;,&quot;sizes&quot;:[]},&quot;_transform_scale_effect_hover_mobile&quot;:{&quot;unit&quot;:&quot;px&quot;,&quot;size&quot;:&quot;&quot;,&quot;sizes&quot;:[]}}\" data-widget_type=\"heading.default\">\n\t\t\t\t\t<h2 class=\"elementor-heading-title elementor-size-default\">Ana Kullan\u0131c\u0131 Fiyat\u0131 : 39.000 TL + % 20 KDV<\/h2>\t\t\t\t<\/div>\n\t\t\t\t<div class=\"elementor-element elementor-element-ec13b8f e-transform elementor-widget elementor-widget-heading\" data-id=\"ec13b8f\" data-element_type=\"widget\" data-e-type=\"widget\" data-settings=\"{&quot;_transform_scale_effect_hover&quot;:{&quot;unit&quot;:&quot;px&quot;,&quot;size&quot;:&quot;&quot;,&quot;sizes&quot;:[]},&quot;_transform_scale_effect_hover_tablet&quot;:{&quot;unit&quot;:&quot;px&quot;,&quot;size&quot;:&quot;&quot;,&quot;sizes&quot;:[]},&quot;_transform_scale_effect_hover_mobile&quot;:{&quot;unit&quot;:&quot;px&quot;,&quot;size&quot;:&quot;&quot;,&quot;sizes&quot;:[]}}\" data-widget_type=\"heading.default\">\n\t\t\t\t\t<h2 class=\"elementor-heading-title elementor-size-default\">\u0130lave Kullan\u0131c\u0131 Fiyat\u0131 : 3.500 TL + % 20 KDV<\/h2>\t\t\t\t<\/div>\n\t\t\t\t<\/div>\n\t\t\t\t\t<\/div>\n\t\t\t\t<\/div>\n\t\t\t\t<\/div>\n\t\t","protected":false},"excerpt":{"rendered":"<p>Oto Servis Program\u0131 Oto Servis Program\u0131 Oto Servis Program\u0131 Ba\u015fl\u0131ca \u00d6zellikleri Oto Servis Program\u0131nda, Sigorta Acente Program\u0131na ek olarak Sigorta \u015eirketleri ile anla\u015fmal\u0131 Oto Boya, Kaporta ve Oto Servisleri i\u00e7in ek \u00f6zellikler bulunmaktad\u0131r. Stok Kart\u0131 Tan\u0131mlamas\u0131 \u0130\u015f\u00e7ilik Kart\u0131 Tan\u0131mlamas\u0131 Ara\u00e7 Kart\u0131 Tan\u0131mlamas\u0131 Cari Kart Tan\u0131mlamas\u0131 Eksper Kart\u0131 Tan\u0131mlamas\u0131 Sigorta \u015eirket Tan\u0131mlamas\u0131 Hasar Servi\u015f Giri\u015fi Fatura&#8230;<\/p>\n","protected":false},"author":1,"featured_media":0,"parent":0,"menu_order":0,"comment_status":"closed","ping_status":"closed","template":"","meta":{"_kadence_starter_templates_imported_post":false,"_kad_post_transparent":"","_kad_post_title":"hide","_kad_post_layout":"fullwidth","_kad_post_sidebar_id":"","_kad_post_content_style":"unboxed","_kad_post_vertical_padding":"hide","_kad_post_feature":"hide","_kad_post_feature_position":"","_kad_post_header":false,"_kad_post_footer":false,"_kad_post_classname":"","_joinchat":[],"footnotes":""},"class_list":["post-784","page","type-page","status-publish","hentry"],"_links":{"self":[{"href":"https:\/\/pspyazilim.com\/index.php?rest_route=\/wp\/v2\/pages\/784","targetHints":{"allow":["GET"]}}],"collection":[{"href":"https:\/\/pspyazilim.com\/index.php?rest_route=\/wp\/v2\/pages"}],"about":[{"href":"https:\/\/pspyazilim.com\/index.php?rest_route=\/wp\/v2\/types\/page"}],"author":[{"embeddable":true,"href":"https:\/\/pspyazilim.com\/index.php?rest_route=\/wp\/v2\/users\/1"}],"replies":[{"embeddable":true,"href":"https:\/\/pspyazilim.com\/index.php?rest_route=%2Fwp%2Fv2%2Fcomments&post=784"}],"version-history":[{"count":100,"href":"https:\/\/pspyazilim.com\/index.php?rest_route=\/wp\/v2\/pages\/784\/revisions"}],"predecessor-version":[{"id":3859,"href":"https:\/\/pspyazilim.com\/index.php?rest_route=\/wp\/v2\/pages\/784\/revisions\/3859"}],"wp:attachment":[{"href":"https:\/\/pspyazilim.com\/index.php?rest_route=%2Fwp%2Fv2%2Fmedia&parent=784"}],"curies":[{"name":"wp","href":"https:\/\/api.w.org\/{rel}","templated":true}]}}