{"id":669,"date":"2024-03-25T09:18:27","date_gmt":"2024-03-25T09:18:27","guid":{"rendered":"https:\/\/pspyazilim.com\/?page_id=669"},"modified":"2026-01-16T12:04:19","modified_gmt":"2026-01-16T09:04:19","slug":"sigorta-acente-programi","status":"publish","type":"page","link":"https:\/\/pspyazilim.com\/?page_id=669","title":{"rendered":"S\u0130GORTA ACENTE PROGRAMI"},"content":{"rendered":"\t\t<div data-elementor-type=\"wp-page\" data-elementor-id=\"669\" class=\"elementor elementor-669\" data-elementor-post-type=\"page\">\n\t\t\t\t<div class=\"elementor-element elementor-element-dd3c6a8 e-con-full e-flex e-con e-parent\" data-id=\"dd3c6a8\" data-element_type=\"container\" data-e-type=\"container\">\n\t\t\t\t<div class=\"elementor-element elementor-element-4c89f12 elementor-widget__width-inherit elementor-widget elementor-widget-n-carousel\" data-id=\"4c89f12\" data-element_type=\"widget\" data-e-type=\"widget\" data-settings=\"{&quot;carousel_items&quot;:[{&quot;slide_title&quot;:&quot;Slide #1&quot;,&quot;_id&quot;:&quot;e995975&quot;}],&quot;slides_to_show&quot;:&quot;1&quot;,&quot;slides_to_show_tablet&quot;:&quot;2&quot;,&quot;slides_to_show_mobile&quot;:&quot;1&quot;,&quot;speed&quot;:500,&quot;image_spacing_custom&quot;:{&quot;unit&quot;:&quot;px&quot;,&quot;size&quot;:10,&quot;sizes&quot;:[]},&quot;image_spacing_custom_tablet&quot;:{&quot;unit&quot;:&quot;px&quot;,&quot;size&quot;:&quot;&quot;,&quot;sizes&quot;:[]},&quot;image_spacing_custom_mobile&quot;:{&quot;unit&quot;:&quot;px&quot;,&quot;size&quot;:&quot;&quot;,&quot;sizes&quot;:[]}}\" data-widget_type=\"nested-carousel.default\">\n\t\t\t\t\t\t\t<div class=\"e-n-carousel swiper\" role=\"region\" aria-roledescription=\"carousel\" aria-label=\"Carousel\" dir=\"ltr\">\n\t\t\t<div class=\"swiper-wrapper\" aria-live=\"polite\">\n\t\t\t\t\t\t\t\t\t\t<div class=\"swiper-slide\" data-slide=\"1\" role=\"group\" aria-roledescription=\"slide\" aria-label=\"1 of 1\">\n\t\t\t\t\t\t\t<div class=\"elementor-element elementor-element-160cf92 e-con-full e-flex e-con e-child\" data-id=\"160cf92\" data-element_type=\"container\" data-e-type=\"container\">\n\t\t<div class=\"elementor-element elementor-element-3417d6d e-con-full e-flex e-con e-child\" data-id=\"3417d6d\" data-element_type=\"container\" data-e-type=\"container\" data-settings=\"{&quot;background_background&quot;:&quot;classic&quot;,&quot;shape_divider_top&quot;:&quot;mountains&quot;,&quot;shape_divider_bottom&quot;:&quot;mountains&quot;}\">\n\t\t\t\t<div class=\"elementor-shape elementor-shape-top\" aria-hidden=\"true\" data-negative=\"false\">\n\t\t\t<svg xmlns=\"http:\/\/www.w3.org\/2000\/svg\" viewBox=\"0 0 1000 100\" preserveAspectRatio=\"none\">\n\t<path class=\"elementor-shape-fill\" opacity=\"0.33\" d=\"M473,67.3c-203.9,88.3-263.1-34-320.3,0C66,119.1,0,59.7,0,59.7V0h1000v59.7 c0,0-62.1,26.1-94.9,29.3c-32.8,3.3-62.8-12.3-75.8-22.1C806,49.6,745.3,8.7,694.9,4.7S492.4,59,473,67.3z\"\/>\n\t<path class=\"elementor-shape-fill\" opacity=\"0.66\" d=\"M734,67.3c-45.5,0-77.2-23.2-129.1-39.1c-28.6-8.7-150.3-10.1-254,39.1 s-91.7-34.4-149.2,0C115.7,118.3,0,39.8,0,39.8V0h1000v36.5c0,0-28.2-18.5-92.1-18.5C810.2,18.1,775.7,67.3,734,67.3z\"\/>\n\t<path class=\"elementor-shape-fill\" d=\"M766.1,28.9c-200-57.5-266,65.5-395.1,19.5C242,1.8,242,5.4,184.8,20.6C128,35.8,132.3,44.9,89.9,52.5C28.6,63.7,0,0,0,0 h1000c0,0-9.9,40.9-83.6,48.1S829.6,47,766.1,28.9z\"\/>\n<\/svg>\t\t<\/div>\n\t\t\t\t<div class=\"elementor-shape elementor-shape-bottom\" aria-hidden=\"true\" data-negative=\"false\">\n\t\t\t<svg xmlns=\"http:\/\/www.w3.org\/2000\/svg\" viewBox=\"0 0 1000 100\" preserveAspectRatio=\"none\">\n\t<path class=\"elementor-shape-fill\" opacity=\"0.33\" d=\"M473,67.3c-203.9,88.3-263.1-34-320.3,0C66,119.1,0,59.7,0,59.7V0h1000v59.7 c0,0-62.1,26.1-94.9,29.3c-32.8,3.3-62.8-12.3-75.8-22.1C806,49.6,745.3,8.7,694.9,4.7S492.4,59,473,67.3z\"\/>\n\t<path class=\"elementor-shape-fill\" opacity=\"0.66\" d=\"M734,67.3c-45.5,0-77.2-23.2-129.1-39.1c-28.6-8.7-150.3-10.1-254,39.1 s-91.7-34.4-149.2,0C115.7,118.3,0,39.8,0,39.8V0h1000v36.5c0,0-28.2-18.5-92.1-18.5C810.2,18.1,775.7,67.3,734,67.3z\"\/>\n\t<path class=\"elementor-shape-fill\" d=\"M766.1,28.9c-200-57.5-266,65.5-395.1,19.5C242,1.8,242,5.4,184.8,20.6C128,35.8,132.3,44.9,89.9,52.5C28.6,63.7,0,0,0,0 h1000c0,0-9.9,40.9-83.6,48.1S829.6,47,766.1,28.9z\"\/>\n<\/svg>\t\t<\/div>\n\t\t\t\t<div class=\"elementor-element elementor-element-1078be6 elementor-widget__width-inherit elementor-widget elementor-widget-heading\" data-id=\"1078be6\" data-element_type=\"widget\" data-e-type=\"widget\" data-widget_type=\"heading.default\">\n\t\t\t\t\t<h1 class=\"elementor-heading-title elementor-size-default\">Sigorta Acente Program\u0131<\/h1>\t\t\t\t<\/div>\n\t\t\t\t<\/div>\n\t\t\t\t<\/div>\n\t\t\t\t\t\t\t\t<\/div>\n\t\t\t\t\t\t\t\t<\/div>\n\t\t<\/div>\n\t\t\t\t\t\t<\/div>\n\t\t\t\t<\/div>\n\t\t<div class=\"elementor-element elementor-element-bd5bac9 e-flex e-con-boxed e-con e-parent\" data-id=\"bd5bac9\" data-element_type=\"container\" data-e-type=\"container\" data-settings=\"{&quot;background_background&quot;:&quot;classic&quot;}\">\n\t\t\t\t\t<div class=\"e-con-inner\">\n\t\t<div class=\"elementor-element elementor-element-9fbd219 e-con-full e-flex e-con e-child\" data-id=\"9fbd219\" data-element_type=\"container\" data-e-type=\"container\">\n\t\t\t\t<div class=\"elementor-element elementor-element-31d3d22 elementor-widget__width-inherit elementor-widget elementor-widget-sidebar\" data-id=\"31d3d22\" data-element_type=\"widget\" data-e-type=\"widget\" data-widget_type=\"sidebar.default\">\n\t\t\t\t\t<section id=\"text-4\" class=\"widget widget_text\"><h2 class=\"widget-title\">\u00dcR\u00dcNLER\u0130M\u0130Z<\/h2>\t\t\t<div class=\"textwidget\"><p><a href=\"https:\/\/pspyazilim.com\/?page_id=669\">Sigorta Acente Program\u0131<\/a><br \/>\n<a href=\"https:\/\/pspyazilim.com\/?page_id=809\">\u015eube Program\u0131<\/a><br \/>\n<a href=\"https:\/\/pspyazilim.com\/?page_id=784\">Oto Servis Program\u0131<\/a><br \/>\n<a href=\"https:\/\/pspyazilim.com\/?page_id=837\">Sigorta Web Sitesi<\/a><br \/>\n<a href=\"https:\/\/pspyazilim.com\/?page_id=817\">Kurumsal E-Posta<\/a><br \/>\n<a href=\"https:\/\/pspyazilim.com\/?page_id=1194\">\u00d6zel Yaz\u0131l\u0131m \u00c7\u00f6z\u00fcmleri<\/a><\/p>\n<\/div>\n\t\t<\/section>\t\t\t\t<\/div>\n\t\t\t\t<\/div>\n\t\t<div class=\"elementor-element elementor-element-ae6a8e0 e-con-full e-flex e-con e-child\" data-id=\"ae6a8e0\" data-element_type=\"container\" data-e-type=\"container\">\n\t\t\t\t<div class=\"elementor-element elementor-element-c40b12b e-transform elementor-widget elementor-widget-heading\" data-id=\"c40b12b\" data-element_type=\"widget\" data-e-type=\"widget\" data-settings=\"{&quot;_transform_scale_effect_hover&quot;:{&quot;unit&quot;:&quot;px&quot;,&quot;size&quot;:&quot;&quot;,&quot;sizes&quot;:[]},&quot;_transform_scale_effect_hover_tablet&quot;:{&quot;unit&quot;:&quot;px&quot;,&quot;size&quot;:&quot;&quot;,&quot;sizes&quot;:[]},&quot;_transform_scale_effect_hover_mobile&quot;:{&quot;unit&quot;:&quot;px&quot;,&quot;size&quot;:&quot;&quot;,&quot;sizes&quot;:[]}}\" data-widget_type=\"heading.default\">\n\t\t\t\t\t<h2 class=\"elementor-heading-title elementor-size-default\">Sigorta Acente Program\u0131 Ba\u015fl\u0131ca \u00d6zellikleri<\/h2>\t\t\t\t<\/div>\n\t\t\t\t<div class=\"elementor-element elementor-element-b88ecda elementor-widget elementor-widget-text-editor\" data-id=\"b88ecda\" data-element_type=\"widget\" data-e-type=\"widget\" data-settings=\"{&quot;_animation&quot;:&quot;none&quot;}\" data-widget_type=\"text-editor.default\">\n\t\t\t\t\t\t\t\t\t<ul><li>Kullan\u0131m\u0131 \u00e7ok kolayd\u0131r,<\/li><li>B\u00fct\u00fcn mod\u00fcller parametriktir,<\/li><li>S\u0131n\u0131rs\u0131z say\u0131da Sigorta \u015eirketi, Ana Acente, Tali Acente, Tali Acente M\u00fc\u015fterisi ve M\u00fc\u015fteri takibi,<\/li><li>\u00c7ok say\u0131da hat\u0131rlatma;<ul><li>Tecdit Listesi Hat\u0131rlatmalar\u0131<\/li><li>Tahsil\u00e2t Listesi Hat\u0131rlatmas\u0131<\/li><li>\u00d6deme Listesi Hat\u0131rlatmas\u0131<\/li><li>Al\u0131nan \u00c7ek Listesi Hat\u0131rlatmas\u0131<\/li><li>Al\u0131nan Senet Listesi Hat\u0131rlatmas\u0131<\/li><li>Verilen \u00c7ek Listesi Hat\u0131rlatmas\u0131<\/li><li>Verilen Senet Listesi Hat\u0131rlatmas\u0131<\/li><li>Mail Order Hat\u0131rlatmalar\u0131<\/li><li>Do\u011fum G\u00fcn\u00fc Hat\u0131rlatmas\u0131<\/li><li>Evlilik Y\u0131ld\u00f6n\u00fcm\u00fc Hat\u0131rlatmas\u0131<\/li><li>E\u015finin Do\u011fum G\u00fcn\u00fc Hat\u0131rlatmas\u0131<\/li><li>\u00c7ocuk Do\u011fum G\u00fcn\u00fc Hat\u0131rlatmas\u0131<\/li><li>\u00c7ocuk Do\u011fum G\u00fcn\u00fc Hat\u0131rlatmas\u0131<\/li><li>Fenni Muayene Hat\u0131rlatmas\u0131<\/li><li>Egzost Muayene Hat\u0131rlatmas\u0131<\/li><li>Toplu Tahsil\u00e2t \/ Taksitlendirme Hat\u0131rlatmas\u0131<\/li><li>Seyr\u00fcsefer Hat\u0131rlatmas\u0131 (K.K.T.C.)<\/li><\/ul><\/li><li>CRM (M\u00fc\u015fteri \u0130li\u015fkileri Y\u00f6netimi) Program\u0131,<\/li><li>\u00c7ek \/ Senet i\u015flemlerinin takibi,<\/li><li>Mail Order i\u015flemlerinin takibi,<\/li><li>WebPos i\u015flemleri takibi,<\/li><li>Kredi Kart\u0131 Takibi,<\/li><li>Pos Cihaz\u0131 Takibi,<\/li><li>Kasa i\u015flemleri takibi,<\/li><li>Banka Hesaplar\u0131 takibi,<\/li><li>Acente personel \u00fcretim takibi,<\/li><li>Komisyon hesaplar\u0131 takibi,<\/li><li>Hasar takibi,<\/li><li>SMS G\u00f6nderimi,<\/li><li>Excel&#8217; den veri transferi,<\/li><li>Excel&#8217; e veri transferi,<\/li><li>XML dosyalardan veri transferi,<\/li><li>T\u00fcm Sigorta \u015eirketlerinden Otomatik Poli\u00e7e Transferi,<\/li><li>Tan\u0131mlamalarda Filtreleme y\u00f6ntemi kullan\u0131larak, bilgiye kolay eri\u015fim sa\u011flanm\u0131\u015ft\u0131r,<\/li><li>T\u00fcm giri\u015f ekranlar\u0131nda yazd\u0131rma se\u00e7ene\u011fi vard\u0131r,<\/li><li>B\u00fct\u00fcn Sigorta \u015eirketlerinin hesab\u0131 ayn\u0131 anda tutulabilmektedir,<\/li><li>Kullan\u0131c\u0131 tan\u0131t\u0131mlar\u0131 b\u00f6l\u00fcm\u00fcnde, \u00e7ok detayl\u0131 yetkilendirme yap\u0131labilmektedir,<\/li><li>Komisyon takibi yap\u0131labilir,<\/li><li>Yeni vergi tan\u0131t\u0131labilir, oranlar\u0131 girilebilir ve kurumlara kimin \u00f6deyece\u011fi belirlenebilir,<\/li><li>Anl\u0131k Kar \/ Zarar analizi,<\/li><li>Poli\u00e7elere g\u00f6re bakiye raporlar\u0131 al\u0131nabilir,<\/li><li>Filtreleme y\u00f6ntemi t\u00fcm raporlarda kullan\u0131lm\u0131\u015f ve \u00e7ok say\u0131da kritere g\u00f6re rapor alma imk\u00e2n\u0131 sa\u011flanm\u0131\u015ft\u0131r,<\/li><li>Hesap \u0130cmali sayesinde, cari hesaplar\u0131n\u0131za ait t\u00fcm i\u015flemleri tek bir ekranda veya A4 k\u00e2\u011f\u0131d\u0131na rapor al\u0131nabilir,<\/li><li>Tali Acente ve M\u00fc\u015fterisinin hesap takibi ayn\u0131 anda yap\u0131labilir,<\/li><li>PSP Program\u0131n\u0131 Kullanan Acenteler aras\u0131nda Poli\u00e7e Transferi (XML dosya) yapabilirsiniz,<\/li><li>Internet\u2019 ten servis imk\u00e2n\u0131 mevcuttur,<\/li><li>PSPforSQL program\u0131n\u0131n yeni versiyonlar\u0131 internetten otomatik olarak g\u00fcncellenebilir,<\/li><li>Birden fazla kullan\u0131c\u0131 ile ayn\u0131 anda \u00e7al\u0131\u015fabilirsiniz.<\/li><\/ul>\t\t\t\t\t\t\t\t<\/div>\n\t\t\t\t<div class=\"elementor-element elementor-element-e1769e5 e-transform elementor-widget elementor-widget-heading\" data-id=\"e1769e5\" data-element_type=\"widget\" data-e-type=\"widget\" data-settings=\"{&quot;_transform_scale_effect_hover&quot;:{&quot;unit&quot;:&quot;px&quot;,&quot;size&quot;:&quot;&quot;,&quot;sizes&quot;:[]},&quot;_transform_scale_effect_hover_tablet&quot;:{&quot;unit&quot;:&quot;px&quot;,&quot;size&quot;:&quot;&quot;,&quot;sizes&quot;:[]},&quot;_transform_scale_effect_hover_mobile&quot;:{&quot;unit&quot;:&quot;px&quot;,&quot;size&quot;:&quot;&quot;,&quot;sizes&quot;:[]}}\" data-widget_type=\"heading.default\">\n\t\t\t\t\t<h2 class=\"elementor-heading-title elementor-size-default\">Ana Kullan\u0131c\u0131 Fiyat\u0131 : 25.000 TL + % 20 KDV<\/h2>\t\t\t\t<\/div>\n\t\t\t\t<div class=\"elementor-element elementor-element-29f09d4 e-transform elementor-widget elementor-widget-heading\" data-id=\"29f09d4\" data-element_type=\"widget\" data-e-type=\"widget\" data-settings=\"{&quot;_transform_scale_effect_hover&quot;:{&quot;unit&quot;:&quot;px&quot;,&quot;size&quot;:&quot;&quot;,&quot;sizes&quot;:[]},&quot;_transform_scale_effect_hover_tablet&quot;:{&quot;unit&quot;:&quot;px&quot;,&quot;size&quot;:&quot;&quot;,&quot;sizes&quot;:[]},&quot;_transform_scale_effect_hover_mobile&quot;:{&quot;unit&quot;:&quot;px&quot;,&quot;size&quot;:&quot;&quot;,&quot;sizes&quot;:[]}}\" data-widget_type=\"heading.default\">\n\t\t\t\t\t<h2 class=\"elementor-heading-title elementor-size-default\">\u0130lave Kullan\u0131c\u0131 Fiyat\u0131 : 3.500 TL + % 20 KDV<\/h2>\t\t\t\t<\/div>\n\t\t\t\t<\/div>\n\t\t\t\t\t<\/div>\n\t\t\t\t<\/div>\n\t\t\t\t<\/div>\n\t\t","protected":false},"excerpt":{"rendered":"<p>Sigorta Acente Program\u0131 Sigorta Acente Program\u0131 Sigorta Acente Program\u0131 Ba\u015fl\u0131ca \u00d6zellikleri Kullan\u0131m\u0131 \u00e7ok kolayd\u0131r, B\u00fct\u00fcn mod\u00fcller parametriktir, S\u0131n\u0131rs\u0131z say\u0131da Sigorta \u015eirketi, Ana Acente, Tali Acente, Tali Acente M\u00fc\u015fterisi ve M\u00fc\u015fteri takibi, \u00c7ok say\u0131da hat\u0131rlatma; Tecdit Listesi Hat\u0131rlatmalar\u0131 Tahsil\u00e2t Listesi Hat\u0131rlatmas\u0131 \u00d6deme Listesi Hat\u0131rlatmas\u0131 Al\u0131nan \u00c7ek Listesi Hat\u0131rlatmas\u0131 Al\u0131nan Senet Listesi Hat\u0131rlatmas\u0131 Verilen \u00c7ek Listesi Hat\u0131rlatmas\u0131&#8230;<\/p>\n","protected":false},"author":1,"featured_media":0,"parent":0,"menu_order":0,"comment_status":"closed","ping_status":"closed","template":"","meta":{"_kadence_starter_templates_imported_post":false,"_kad_post_transparent":"","_kad_post_title":"hide","_kad_post_layout":"fullwidth","_kad_post_sidebar_id":"","_kad_post_content_style":"unboxed","_kad_post_vertical_padding":"hide","_kad_post_feature":"hide","_kad_post_feature_position":"","_kad_post_header":false,"_kad_post_footer":false,"_kad_post_classname":"","_joinchat":[],"footnotes":""},"class_list":["post-669","page","type-page","status-publish","hentry"],"_links":{"self":[{"href":"https:\/\/pspyazilim.com\/index.php?rest_route=\/wp\/v2\/pages\/669","targetHints":{"allow":["GET"]}}],"collection":[{"href":"https:\/\/pspyazilim.com\/index.php?rest_route=\/wp\/v2\/pages"}],"about":[{"href":"https:\/\/pspyazilim.com\/index.php?rest_route=\/wp\/v2\/types\/page"}],"author":[{"embeddable":true,"href":"https:\/\/pspyazilim.com\/index.php?rest_route=\/wp\/v2\/users\/1"}],"replies":[{"embeddable":true,"href":"https:\/\/pspyazilim.com\/index.php?rest_route=%2Fwp%2Fv2%2Fcomments&post=669"}],"version-history":[{"count":139,"href":"https:\/\/pspyazilim.com\/index.php?rest_route=\/wp\/v2\/pages\/669\/revisions"}],"predecessor-version":[{"id":3880,"href":"https:\/\/pspyazilim.com\/index.php?rest_route=\/wp\/v2\/pages\/669\/revisions\/3880"}],"wp:attachment":[{"href":"https:\/\/pspyazilim.com\/index.php?rest_route=%2Fwp%2Fv2%2Fmedia&parent=669"}],"curies":[{"name":"wp","href":"https:\/\/api.w.org\/{rel}","templated":true}]}}