{"id":594,"date":"2024-03-24T12:52:14","date_gmt":"2024-03-24T12:52:14","guid":{"rendered":"https:\/\/pspyazilim.com\/wordpress\/?page_id=594"},"modified":"2026-01-14T22:04:16","modified_gmt":"2026-01-14T19:04:16","slug":"hakkimizda","status":"publish","type":"page","link":"https:\/\/pspyazilim.com\/?page_id=594","title":{"rendered":"HAKKIMIZDA"},"content":{"rendered":"\t\t<div data-elementor-type=\"wp-page\" data-elementor-id=\"594\" class=\"elementor elementor-594\" data-elementor-post-type=\"page\">\n\t\t\t\t<div class=\"elementor-element elementor-element-37ebcef e-con-full e-flex e-con e-parent\" data-id=\"37ebcef\" data-element_type=\"container\" data-e-type=\"container\">\n\t\t<div class=\"elementor-element elementor-element-69e832b e-con-full e-flex e-con e-child\" data-id=\"69e832b\" data-element_type=\"container\" data-e-type=\"container\" data-settings=\"{&quot;animation&quot;:&quot;none&quot;}\">\n\t\t\t\t<div class=\"elementor-element elementor-element-78b9e3a elementor-widget__width-inherit elementor-widget elementor-widget-n-carousel\" data-id=\"78b9e3a\" data-element_type=\"widget\" data-e-type=\"widget\" data-settings=\"{&quot;carousel_items&quot;:[{&quot;slide_title&quot;:&quot;Slide #1&quot;,&quot;_id&quot;:&quot;e995975&quot;}],&quot;slides_to_show&quot;:&quot;1&quot;,&quot;slides_to_show_tablet&quot;:&quot;2&quot;,&quot;slides_to_show_mobile&quot;:&quot;1&quot;,&quot;speed&quot;:500,&quot;image_spacing_custom&quot;:{&quot;unit&quot;:&quot;px&quot;,&quot;size&quot;:10,&quot;sizes&quot;:[]},&quot;image_spacing_custom_tablet&quot;:{&quot;unit&quot;:&quot;px&quot;,&quot;size&quot;:&quot;&quot;,&quot;sizes&quot;:[]},&quot;image_spacing_custom_mobile&quot;:{&quot;unit&quot;:&quot;px&quot;,&quot;size&quot;:&quot;&quot;,&quot;sizes&quot;:[]}}\" data-widget_type=\"nested-carousel.default\">\n\t\t\t\t\t\t\t<div class=\"e-n-carousel swiper\" role=\"region\" aria-roledescription=\"carousel\" aria-label=\"Carousel\" dir=\"ltr\">\n\t\t\t<div class=\"swiper-wrapper\" aria-live=\"polite\">\n\t\t\t\t\t\t\t\t\t\t<div class=\"swiper-slide\" data-slide=\"1\" role=\"group\" aria-roledescription=\"slide\" aria-label=\"1 of 1\">\n\t\t\t\t\t\t\t<div class=\"elementor-element elementor-element-efc1abf e-con-full e-flex e-con e-child\" data-id=\"efc1abf\" data-element_type=\"container\" data-e-type=\"container\">\n\t\t<div class=\"elementor-element elementor-element-14acab0 e-con-full e-flex e-con e-child\" data-id=\"14acab0\" data-element_type=\"container\" data-e-type=\"container\" data-settings=\"{&quot;background_background&quot;:&quot;classic&quot;,&quot;shape_divider_top&quot;:&quot;mountains&quot;,&quot;shape_divider_bottom&quot;:&quot;mountains&quot;}\">\n\t\t\t\t<div class=\"elementor-shape elementor-shape-top\" aria-hidden=\"true\" data-negative=\"false\">\n\t\t\t<svg xmlns=\"http:\/\/www.w3.org\/2000\/svg\" viewBox=\"0 0 1000 100\" preserveAspectRatio=\"none\">\n\t<path class=\"elementor-shape-fill\" opacity=\"0.33\" d=\"M473,67.3c-203.9,88.3-263.1-34-320.3,0C66,119.1,0,59.7,0,59.7V0h1000v59.7 c0,0-62.1,26.1-94.9,29.3c-32.8,3.3-62.8-12.3-75.8-22.1C806,49.6,745.3,8.7,694.9,4.7S492.4,59,473,67.3z\"\/>\n\t<path class=\"elementor-shape-fill\" opacity=\"0.66\" d=\"M734,67.3c-45.5,0-77.2-23.2-129.1-39.1c-28.6-8.7-150.3-10.1-254,39.1 s-91.7-34.4-149.2,0C115.7,118.3,0,39.8,0,39.8V0h1000v36.5c0,0-28.2-18.5-92.1-18.5C810.2,18.1,775.7,67.3,734,67.3z\"\/>\n\t<path class=\"elementor-shape-fill\" d=\"M766.1,28.9c-200-57.5-266,65.5-395.1,19.5C242,1.8,242,5.4,184.8,20.6C128,35.8,132.3,44.9,89.9,52.5C28.6,63.7,0,0,0,0 h1000c0,0-9.9,40.9-83.6,48.1S829.6,47,766.1,28.9z\"\/>\n<\/svg>\t\t<\/div>\n\t\t\t\t<div class=\"elementor-shape elementor-shape-bottom\" aria-hidden=\"true\" data-negative=\"false\">\n\t\t\t<svg xmlns=\"http:\/\/www.w3.org\/2000\/svg\" viewBox=\"0 0 1000 100\" preserveAspectRatio=\"none\">\n\t<path class=\"elementor-shape-fill\" opacity=\"0.33\" d=\"M473,67.3c-203.9,88.3-263.1-34-320.3,0C66,119.1,0,59.7,0,59.7V0h1000v59.7 c0,0-62.1,26.1-94.9,29.3c-32.8,3.3-62.8-12.3-75.8-22.1C806,49.6,745.3,8.7,694.9,4.7S492.4,59,473,67.3z\"\/>\n\t<path class=\"elementor-shape-fill\" opacity=\"0.66\" d=\"M734,67.3c-45.5,0-77.2-23.2-129.1-39.1c-28.6-8.7-150.3-10.1-254,39.1 s-91.7-34.4-149.2,0C115.7,118.3,0,39.8,0,39.8V0h1000v36.5c0,0-28.2-18.5-92.1-18.5C810.2,18.1,775.7,67.3,734,67.3z\"\/>\n\t<path class=\"elementor-shape-fill\" d=\"M766.1,28.9c-200-57.5-266,65.5-395.1,19.5C242,1.8,242,5.4,184.8,20.6C128,35.8,132.3,44.9,89.9,52.5C28.6,63.7,0,0,0,0 h1000c0,0-9.9,40.9-83.6,48.1S829.6,47,766.1,28.9z\"\/>\n<\/svg>\t\t<\/div>\n\t\t\t\t<div class=\"elementor-element elementor-element-42afaa2 elementor-widget__width-inherit elementor-widget elementor-widget-heading\" data-id=\"42afaa2\" data-element_type=\"widget\" data-e-type=\"widget\" data-widget_type=\"heading.default\">\n\t\t\t\t\t<h1 class=\"elementor-heading-title elementor-size-default\">Hakk\u0131m\u0131zda<\/h1>\t\t\t\t<\/div>\n\t\t\t\t<\/div>\n\t\t\t\t<\/div>\n\t\t\t\t\t\t\t\t<\/div>\n\t\t\t\t\t\t\t\t<\/div>\n\t\t<\/div>\n\t\t\t\t\t\t<\/div>\n\t\t\t\t<\/div>\n\t\t<div class=\"elementor-element elementor-element-af36b75 e-flex e-con-boxed e-con e-child\" data-id=\"af36b75\" data-element_type=\"container\" data-e-type=\"container\" data-settings=\"{&quot;background_background&quot;:&quot;classic&quot;}\">\n\t\t\t\t\t<div class=\"e-con-inner\">\n\t\t<div class=\"elementor-element elementor-element-9f8dd46 e-con-full e-flex e-con e-child\" data-id=\"9f8dd46\" data-element_type=\"container\" data-e-type=\"container\" data-settings=\"{&quot;background_background&quot;:&quot;classic&quot;}\">\n\t\t\t\t<div class=\"elementor-element elementor-element-08a2547 elementor-widget__width-inherit elementor-widget elementor-widget-sidebar\" data-id=\"08a2547\" data-element_type=\"widget\" data-e-type=\"widget\" data-widget_type=\"sidebar.default\">\n\t\t\t\t\t<section id=\"text-3\" class=\"widget widget_text\"><h2 class=\"widget-title\">KURUMSAL<\/h2>\t\t\t<div class=\"textwidget\"><p><a href=\"https:\/\/pspyazilim.com\/?page_id=594\">Hakk\u0131m\u0131zda<\/a><br \/>\n<a href=\"https:\/\/pspyazilim.com\/?page_id=574\">Banka Hesaplar\u0131<\/a><br \/>\n<a href=\"https:\/\/pspyazilim.com\/?page_id=557\">G\u00fcncelleme Ge\u00e7mi\u015fi<\/a><br \/>\n<a href=\"https:\/\/pspyazilim.com\/?page_id=527\">\u00c7erez Politikas\u0131<\/a><br \/>\n<a href=\"https:\/\/pspyazilim.com\/?page_id=539\">Gizlilik Politikas\u0131<\/a><br \/>\n<a href=\"https:\/\/pspyazilim.com\/?page_id=546\">Kullan\u0131c\u0131 S\u00f6zle\u015fmesi<\/a><\/p>\n<\/div>\n\t\t<\/section>\t\t\t\t<\/div>\n\t\t\t\t<\/div>\n\t\t<div class=\"elementor-element elementor-element-633ef1e e-con-full e-flex e-con e-child\" data-id=\"633ef1e\" data-element_type=\"container\" data-e-type=\"container\">\n\t\t\t\t<div class=\"elementor-element elementor-element-f3c9442 e-transform elementor-widget elementor-widget-heading\" data-id=\"f3c9442\" data-element_type=\"widget\" data-e-type=\"widget\" data-settings=\"{&quot;_transform_scale_effect_hover&quot;:{&quot;unit&quot;:&quot;px&quot;,&quot;size&quot;:&quot;&quot;,&quot;sizes&quot;:[]},&quot;_transform_scale_effect_hover_tablet&quot;:{&quot;unit&quot;:&quot;px&quot;,&quot;size&quot;:&quot;&quot;,&quot;sizes&quot;:[]},&quot;_transform_scale_effect_hover_mobile&quot;:{&quot;unit&quot;:&quot;px&quot;,&quot;size&quot;:&quot;&quot;,&quot;sizes&quot;:[]}}\" data-widget_type=\"heading.default\">\n\t\t\t\t\t<h2 class=\"elementor-heading-title elementor-size-default\">\" Sigortac\u0131n\u0131n Sigortas\u0131 \"<\/h2>\t\t\t\t<\/div>\n\t\t\t\t<div class=\"elementor-element elementor-element-aee0e7c elementor-widget elementor-widget-text-editor\" data-id=\"aee0e7c\" data-element_type=\"widget\" data-e-type=\"widget\" data-settings=\"{&quot;_animation&quot;:&quot;none&quot;}\" data-widget_type=\"text-editor.default\">\n\t\t\t\t\t\t\t\t\t<p>\u00a0\u00a0\u00a0\u00a0\u00a0\u00a0\u00a0\u00a0\u00a0\u00a0\u00a0 1993 y\u0131l\u0131ndan bu yana sekt\u00f6r i\u00e7erisinde yer alan kurucular\u0131m\u0131z, 2000 y\u0131l\u0131nda Sigorta Sekt\u00f6r\u00fcnde bulunan \u00d6n Muhasebe Yaz\u0131l\u0131m\u0131 a\u00e7\u0131\u011f\u0131n\u0131 fark ederek, Sigorta Acente\u2019 lerine y\u00f6nelik olarak \u00d6n Muhasebe Program\u0131 yaz\u0131l\u0131m\u0131n\u0131 geli\u015ftirmi\u015flerdir.<\/p><p>\u00a0\u00a0\u00a0\u00a0\u00a0\u00a0\u00a0\u00a0\u00a0\u00a0\u00a0 2000-2011 y\u0131llar\u0131 aras\u0131nda m\u00fc\u015fteri portf\u00f6y\u00fcndeki art\u0131\u015f ve yaz\u0131l\u0131m sekt\u00f6r\u00fcndeki ihtiya\u00e7lar\u0131 daha yo\u011fun bir \u015fekilde kar\u015f\u0131lamak i\u00e7in 2011 y\u0131l\u0131nda PSP Yaz\u0131l\u0131m ve Bilgisayar Ltd. \u015eti. kurmu\u015flard\u0131r.<\/p><p>\u00a0\u00a0\u00a0\u00a0\u00a0\u00a0\u00a0\u00a0\u00a0\u00a0\u00a0 Bug\u00fcn\u00fcn h\u0131zla de\u011fi\u015fen rekabet ortam\u0131nda, her ticari i\u015fletmede oldu\u011fu gibi, sigorta acentelerinin de pazardaki g\u00fc\u00e7lerini art\u0131rmalar\u0131, kaynaklar\u0131n\u0131 iyi planlayarak, verimli kullanmalar\u0131 gerekmektedir. Bu nedenlere ba\u011fl\u0131 olarak kullan\u0131c\u0131lar\u0131n yaz\u0131l\u0131mlardan beklentileri her ge\u00e7en g\u00fcn daha da artmaktad\u0131r.<\/p><p>\u00a0\u00a0\u00a0\u00a0\u00a0\u00a0\u00a0\u00a0\u00a0\u00a0\u00a0 Sekt\u00f6re y\u00f6nelik haz\u0131rlanm\u0131\u015f az say\u0131da yaz\u0131l\u0131m, yayg\u0131nla\u015fmadan pazardan silindi\u011fi i\u00e7in, sigorta acenteleri kendi i\u00e7 otomasyonlar\u0131n\u0131 genel ama\u00e7l\u0131, sekt\u00f6r d\u0131\u015f\u0131 yaz\u0131l\u0131mlarla \u00e7\u00f6zmeye \u00e7al\u0131\u015fmaktad\u0131r. Yorucu, s\u0131k\u0131c\u0131 ve dolayl\u0131 yollarla kullan\u0131lan bu yaz\u0131l\u0131mlarla parasal durumlar\u0131n\u0131 analiz etmeye gayret eden acenteler, maalesef h\u0131zl\u0131, do\u011fru ve analitik sonu\u00e7lara ula\u015famamaktad\u0131r. Bu bo\u015flu\u011fu doldurmak amac\u0131yla haz\u0131rlanan PSP, sigorta acentelerinin ihtiya\u00e7lar\u0131na do\u011frudan \u00e7\u00f6z\u00fcmler sunmaktad\u0131r. Windows i\u015fletim sisteminin g\u00f6rsel \u00f6zelliklerini birle\u015ftiren PSP, sadece sigorta acentelerinin kullan\u0131m\u0131 i\u00e7in \u00f6zel olarak \u00fcretilmi\u015f sekt\u00f6rel bir yaz\u0131l\u0131md\u0131r.<\/p><p>\u00a0\u00a0\u00a0\u00a0\u00a0\u00a0\u00a0\u00a0\u00a0\u00a0\u00a0 PSP, sahip oldu\u011fu i\u015flevler ve esnek yap\u0131s\u0131 sayesinde y\u00f6neticilerin enerjilerini, i\u015f g\u00fc\u00e7lerini ve verimliliklerini art\u0131rarak karar verme a\u015famas\u0131nda en do\u011fru bilgiye ula\u015fmalar\u0131n\u0131 sa\u011flaman\u0131n yan\u0131 s\u0131ra, bir acenteyi y\u00f6netmek i\u00e7in gerekli b\u00fct\u00fcn alanlarda t\u00fcm ayr\u0131nt\u0131lara h\u00e2kimiyet ve benzerleriyle k\u0131yaslanamayacak bir h\u0131z sunmaktad\u0131r.<\/p><p>\u00a0\u00a0\u00a0\u00a0\u00a0\u00a0\u00a0\u00a0\u00a0\u00a0\u00a0 PSP ile acente anl\u0131k kontrol edilebilen, bol ayr\u0131nt\u0131l\u0131 ama bir o kadar da derli toplu bir yap\u0131ya kavu\u015fmaktad\u0131r.<\/p><p>\u00a0\u00a0\u00a0\u00a0\u00a0\u00a0\u00a0\u00a0\u00a0\u00a0\u00a0 Acente personeli taraf\u0131ndan kolayl\u0131kla kullan\u0131lan PSP, ayda birka\u00e7 y\u00fcz poli\u00e7e kesen k\u00fc\u00e7\u00fck acentelerden, binlerce poli\u00e7e \u00fcreten b\u00fcy\u00fck acentelere kadar her b\u00fcy\u00fckl\u00fckteki acenteye hitap eden esnekliktedir.<\/p>\t\t\t\t\t\t\t\t<\/div>\n\t\t\t\t<\/div>\n\t\t\t\t\t<\/div>\n\t\t\t\t<\/div>\n\t\t\t\t<\/div>\n\t\t\t\t<\/div>\n\t\t","protected":false},"excerpt":{"rendered":"<p>Hakk\u0131m\u0131zda Hakk\u0131m\u0131zda &#8221; Sigortac\u0131n\u0131n Sigortas\u0131 &#8220; \u00a0\u00a0\u00a0\u00a0\u00a0\u00a0\u00a0\u00a0\u00a0\u00a0\u00a0 1993 y\u0131l\u0131ndan bu yana sekt\u00f6r i\u00e7erisinde yer alan kurucular\u0131m\u0131z, 2000 y\u0131l\u0131nda Sigorta Sekt\u00f6r\u00fcnde bulunan \u00d6n Muhasebe Yaz\u0131l\u0131m\u0131 a\u00e7\u0131\u011f\u0131n\u0131 fark ederek, Sigorta Acente\u2019 lerine y\u00f6nelik olarak \u00d6n Muhasebe Program\u0131 yaz\u0131l\u0131m\u0131n\u0131 geli\u015ftirmi\u015flerdir. \u00a0\u00a0\u00a0\u00a0\u00a0\u00a0\u00a0\u00a0\u00a0\u00a0\u00a0 2000-2011 y\u0131llar\u0131 aras\u0131nda m\u00fc\u015fteri portf\u00f6y\u00fcndeki art\u0131\u015f ve yaz\u0131l\u0131m sekt\u00f6r\u00fcndeki ihtiya\u00e7lar\u0131 daha yo\u011fun bir \u015fekilde kar\u015f\u0131lamak i\u00e7in 2011&#8230;<\/p>\n","protected":false},"author":1,"featured_media":0,"parent":0,"menu_order":0,"comment_status":"closed","ping_status":"closed","template":"","meta":{"_kadence_starter_templates_imported_post":false,"_kad_post_transparent":"","_kad_post_title":"hide","_kad_post_layout":"fullwidth","_kad_post_sidebar_id":"","_kad_post_content_style":"unboxed","_kad_post_vertical_padding":"hide","_kad_post_feature":"hide","_kad_post_feature_position":"","_kad_post_header":false,"_kad_post_footer":false,"_kad_post_classname":"","_joinchat":[],"footnotes":""},"class_list":["post-594","page","type-page","status-publish","hentry"],"_links":{"self":[{"href":"https:\/\/pspyazilim.com\/index.php?rest_route=\/wp\/v2\/pages\/594","targetHints":{"allow":["GET"]}}],"collection":[{"href":"https:\/\/pspyazilim.com\/index.php?rest_route=\/wp\/v2\/pages"}],"about":[{"href":"https:\/\/pspyazilim.com\/index.php?rest_route=\/wp\/v2\/types\/page"}],"author":[{"embeddable":true,"href":"https:\/\/pspyazilim.com\/index.php?rest_route=\/wp\/v2\/users\/1"}],"replies":[{"embeddable":true,"href":"https:\/\/pspyazilim.com\/index.php?rest_route=%2Fwp%2Fv2%2Fcomments&post=594"}],"version-history":[{"count":214,"href":"https:\/\/pspyazilim.com\/index.php?rest_route=\/wp\/v2\/pages\/594\/revisions"}],"predecessor-version":[{"id":3815,"href":"https:\/\/pspyazilim.com\/index.php?rest_route=\/wp\/v2\/pages\/594\/revisions\/3815"}],"wp:attachment":[{"href":"https:\/\/pspyazilim.com\/index.php?rest_route=%2Fwp%2Fv2%2Fmedia&parent=594"}],"curies":[{"name":"wp","href":"https:\/\/api.w.org\/{rel}","templated":true}]}}