{"id":574,"date":"2024-03-24T11:55:50","date_gmt":"2024-03-24T11:55:50","guid":{"rendered":"https:\/\/pspyazilim.com\/wordpress\/?page_id=574"},"modified":"2026-01-14T22:00:32","modified_gmt":"2026-01-14T19:00:32","slug":"banka-hesaplari","status":"publish","type":"page","link":"https:\/\/pspyazilim.com\/?page_id=574","title":{"rendered":"BANKA HESAPLARI"},"content":{"rendered":"\t\t<div data-elementor-type=\"wp-page\" data-elementor-id=\"574\" class=\"elementor elementor-574\" data-elementor-post-type=\"page\">\n\t\t\t\t<div class=\"elementor-element elementor-element-4e91534 e-con-full e-flex e-con e-parent\" data-id=\"4e91534\" data-element_type=\"container\" data-e-type=\"container\" data-settings=\"{&quot;background_background&quot;:&quot;classic&quot;}\">\n\t\t<div class=\"elementor-element elementor-element-09633bc e-con-full e-flex e-con e-child\" data-id=\"09633bc\" data-element_type=\"container\" data-e-type=\"container\" data-settings=\"{&quot;animation&quot;:&quot;none&quot;}\">\n\t\t\t\t<div class=\"elementor-element elementor-element-63d08e6 elementor-widget__width-inherit elementor-widget elementor-widget-n-carousel\" data-id=\"63d08e6\" data-element_type=\"widget\" data-e-type=\"widget\" data-settings=\"{&quot;carousel_items&quot;:[{&quot;slide_title&quot;:&quot;Slide #1&quot;,&quot;_id&quot;:&quot;e995975&quot;}],&quot;slides_to_show&quot;:&quot;1&quot;,&quot;slides_to_show_tablet&quot;:&quot;2&quot;,&quot;slides_to_show_mobile&quot;:&quot;1&quot;,&quot;speed&quot;:500,&quot;image_spacing_custom&quot;:{&quot;unit&quot;:&quot;px&quot;,&quot;size&quot;:10,&quot;sizes&quot;:[]},&quot;image_spacing_custom_tablet&quot;:{&quot;unit&quot;:&quot;px&quot;,&quot;size&quot;:&quot;&quot;,&quot;sizes&quot;:[]},&quot;image_spacing_custom_mobile&quot;:{&quot;unit&quot;:&quot;px&quot;,&quot;size&quot;:&quot;&quot;,&quot;sizes&quot;:[]}}\" data-widget_type=\"nested-carousel.default\">\n\t\t\t\t\t\t\t<div class=\"e-n-carousel swiper\" role=\"region\" aria-roledescription=\"carousel\" aria-label=\"Carousel\" dir=\"ltr\">\n\t\t\t<div class=\"swiper-wrapper\" aria-live=\"polite\">\n\t\t\t\t\t\t\t\t\t\t<div class=\"swiper-slide\" data-slide=\"1\" role=\"group\" aria-roledescription=\"slide\" aria-label=\"1 of 1\">\n\t\t\t\t\t\t\t<div class=\"elementor-element elementor-element-aa09578 e-con-full e-flex e-con e-child\" data-id=\"aa09578\" data-element_type=\"container\" data-e-type=\"container\">\n\t\t<div class=\"elementor-element elementor-element-75bad97 e-con-full e-flex e-con e-child\" data-id=\"75bad97\" data-element_type=\"container\" data-e-type=\"container\" data-settings=\"{&quot;background_background&quot;:&quot;classic&quot;,&quot;shape_divider_top&quot;:&quot;mountains&quot;,&quot;shape_divider_bottom&quot;:&quot;mountains&quot;}\">\n\t\t\t\t<div class=\"elementor-shape elementor-shape-top\" aria-hidden=\"true\" data-negative=\"false\">\n\t\t\t<svg xmlns=\"http:\/\/www.w3.org\/2000\/svg\" viewBox=\"0 0 1000 100\" preserveAspectRatio=\"none\">\n\t<path class=\"elementor-shape-fill\" opacity=\"0.33\" d=\"M473,67.3c-203.9,88.3-263.1-34-320.3,0C66,119.1,0,59.7,0,59.7V0h1000v59.7 c0,0-62.1,26.1-94.9,29.3c-32.8,3.3-62.8-12.3-75.8-22.1C806,49.6,745.3,8.7,694.9,4.7S492.4,59,473,67.3z\"\/>\n\t<path class=\"elementor-shape-fill\" opacity=\"0.66\" d=\"M734,67.3c-45.5,0-77.2-23.2-129.1-39.1c-28.6-8.7-150.3-10.1-254,39.1 s-91.7-34.4-149.2,0C115.7,118.3,0,39.8,0,39.8V0h1000v36.5c0,0-28.2-18.5-92.1-18.5C810.2,18.1,775.7,67.3,734,67.3z\"\/>\n\t<path class=\"elementor-shape-fill\" d=\"M766.1,28.9c-200-57.5-266,65.5-395.1,19.5C242,1.8,242,5.4,184.8,20.6C128,35.8,132.3,44.9,89.9,52.5C28.6,63.7,0,0,0,0 h1000c0,0-9.9,40.9-83.6,48.1S829.6,47,766.1,28.9z\"\/>\n<\/svg>\t\t<\/div>\n\t\t\t\t<div class=\"elementor-shape elementor-shape-bottom\" aria-hidden=\"true\" data-negative=\"false\">\n\t\t\t<svg xmlns=\"http:\/\/www.w3.org\/2000\/svg\" viewBox=\"0 0 1000 100\" preserveAspectRatio=\"none\">\n\t<path class=\"elementor-shape-fill\" opacity=\"0.33\" d=\"M473,67.3c-203.9,88.3-263.1-34-320.3,0C66,119.1,0,59.7,0,59.7V0h1000v59.7 c0,0-62.1,26.1-94.9,29.3c-32.8,3.3-62.8-12.3-75.8-22.1C806,49.6,745.3,8.7,694.9,4.7S492.4,59,473,67.3z\"\/>\n\t<path class=\"elementor-shape-fill\" opacity=\"0.66\" d=\"M734,67.3c-45.5,0-77.2-23.2-129.1-39.1c-28.6-8.7-150.3-10.1-254,39.1 s-91.7-34.4-149.2,0C115.7,118.3,0,39.8,0,39.8V0h1000v36.5c0,0-28.2-18.5-92.1-18.5C810.2,18.1,775.7,67.3,734,67.3z\"\/>\n\t<path class=\"elementor-shape-fill\" d=\"M766.1,28.9c-200-57.5-266,65.5-395.1,19.5C242,1.8,242,5.4,184.8,20.6C128,35.8,132.3,44.9,89.9,52.5C28.6,63.7,0,0,0,0 h1000c0,0-9.9,40.9-83.6,48.1S829.6,47,766.1,28.9z\"\/>\n<\/svg>\t\t<\/div>\n\t\t\t\t<div class=\"elementor-element elementor-element-8a3c538 elementor-widget__width-inherit elementor-widget elementor-widget-heading\" data-id=\"8a3c538\" data-element_type=\"widget\" data-e-type=\"widget\" data-widget_type=\"heading.default\">\n\t\t\t\t\t<h1 class=\"elementor-heading-title elementor-size-default\">Banka Hesap Numaralar\u0131<\/h1>\t\t\t\t<\/div>\n\t\t\t\t<\/div>\n\t\t\t\t<\/div>\n\t\t\t\t\t\t\t\t<\/div>\n\t\t\t\t\t\t\t\t<\/div>\n\t\t<\/div>\n\t\t\t\t\t\t<\/div>\n\t\t\t\t<\/div>\n\t\t<div class=\"elementor-element elementor-element-9463157 e-flex e-con-boxed e-con e-child\" data-id=\"9463157\" data-element_type=\"container\" data-e-type=\"container\" data-settings=\"{&quot;background_background&quot;:&quot;classic&quot;}\">\n\t\t\t\t\t<div class=\"e-con-inner\">\n\t\t<div class=\"elementor-element elementor-element-e0b749a e-con-full e-flex e-con e-child\" data-id=\"e0b749a\" data-element_type=\"container\" data-e-type=\"container\">\n\t\t\t\t<div class=\"elementor-element elementor-element-7a6d943 elementor-widget__width-inherit elementor-widget elementor-widget-sidebar\" data-id=\"7a6d943\" data-element_type=\"widget\" data-e-type=\"widget\" data-widget_type=\"sidebar.default\">\n\t\t\t\t\t<section id=\"text-3\" class=\"widget widget_text\"><h2 class=\"widget-title\">KURUMSAL<\/h2>\t\t\t<div class=\"textwidget\"><p><a href=\"https:\/\/pspyazilim.com\/?page_id=594\">Hakk\u0131m\u0131zda<\/a><br \/>\n<a href=\"https:\/\/pspyazilim.com\/?page_id=574\">Banka Hesaplar\u0131<\/a><br \/>\n<a href=\"https:\/\/pspyazilim.com\/?page_id=557\">G\u00fcncelleme Ge\u00e7mi\u015fi<\/a><br \/>\n<a href=\"https:\/\/pspyazilim.com\/?page_id=527\">\u00c7erez Politikas\u0131<\/a><br \/>\n<a href=\"https:\/\/pspyazilim.com\/?page_id=539\">Gizlilik Politikas\u0131<\/a><br \/>\n<a href=\"https:\/\/pspyazilim.com\/?page_id=546\">Kullan\u0131c\u0131 S\u00f6zle\u015fmesi<\/a><\/p>\n<\/div>\n\t\t<\/section>\t\t\t\t<\/div>\n\t\t\t\t<\/div>\n\t\t<div class=\"elementor-element elementor-element-cf2274c e-con-full e-flex e-con e-child\" data-id=\"cf2274c\" data-element_type=\"container\" data-e-type=\"container\">\n\t\t<div class=\"elementor-element elementor-element-874e78c e-con-full e-flex e-con e-child\" data-id=\"874e78c\" data-element_type=\"container\" data-e-type=\"container\" data-settings=\"{&quot;background_background&quot;:&quot;classic&quot;}\">\n\t\t<div class=\"elementor-element elementor-element-dee74dc e-con-full e-flex e-con e-child\" data-id=\"dee74dc\" data-element_type=\"container\" data-e-type=\"container\">\n\t\t\t\t<div class=\"elementor-element elementor-element-a4ad848 elementor-widget elementor-widget-text-editor\" data-id=\"a4ad848\" data-element_type=\"widget\" data-e-type=\"widget\" data-settings=\"{&quot;_animation&quot;:&quot;none&quot;}\" data-widget_type=\"text-editor.default\">\n\t\t\t\t\t\t\t\t\t<table width=\"441\"><tbody><tr><td width=\"145\">Hesap Sahibi<\/td><td width=\"296\">PSP YAZILIM Bilgisayar ve Ticaret Ltd. \u015eti.<\/td><\/tr><tr><td>Bankas\u0131<\/td><td>Enpara\u00a0Bank\u00a0A.\u015e.<\/td><\/tr><tr><td>\u015eubesi<\/td><td>Enpara<\/td><\/tr><tr><td>\u015eube Kodu<\/td><td>03663<\/td><\/tr><tr><td>Hesap No<\/td><td>145084378<\/td><\/tr><tr><td>IBAN No<\/td><td>TR43 0015 7000 0000 0145 0843 78<\/td><\/tr><\/tbody><\/table>\t\t\t\t\t\t\t\t<\/div>\n\t\t\t\t<div class=\"elementor-element elementor-element-37992ef elementor-widget elementor-widget-ctc_copy_button\" data-id=\"37992ef\" data-element_type=\"widget\" data-e-type=\"widget\" data-widget_type=\"ctc_copy_button.default\">\n\t\t\t\t<div class=\"elementor-widget-container\">\n\t\t\t\t\t\t\t<div class=\"ctc-block ctc-copy-button\">\n\t\t\t<div class=\"ctc-block-actions\">\n\t\t\t\t\t\t<button class=\"ctc-block-copy ctc-with-icon\" copy-as-raw='yes' data-copied=\"Kopyaland\u0131\">\n\t\t\t<svg aria-hidden=\"true\" focusable=\"false\" role=\"img\" class=\"copy-icon\" viewBox=\"0 0 16 16\" width=\"16\" height=\"16\" fill=\"currentColor\"><path d=\"M0 6.75C0 5.784.784 5 1.75 5h1.5a.75.75 0 0 1 0 1.5h-1.5a.25.25 0 0 0-.25.25v7.5c0 .138.112.25.25.25h7.5a.25.25 0 0 0 .25-.25v-1.5a.75.75 0 0 1 1.5 0v1.5A1.75 1.75 0 0 1 9.25 16h-7.5A1.75 1.75 0 0 1 0 14.25Z\"><\/path><path d=\"M5 1.75C5 .784 5.784 0 6.75 0h7.5C15.216 0 16 .784 16 1.75v7.5A1.75 1.75 0 0 1 14.25 11h-7.5A1.75 1.75 0 0 1 5 9.25Zm1.75-.25a.25.25 0 0 0-.25.25v7.5c0 .138.112.25.25.25h7.5a.25.25 0 0 0 .25-.25v-7.5a.25.25 0 0 0-.25-.25Z\"><\/path><\/svg><svg aria-hidden=\"true\" height=\"16\" viewBox=\"0 0 16 16\" version=\"1.1\" width=\"16\" data-view-component=\"true\" class=\"check-icon\" fill=\"currentColor\"><path d=\"M13.78 4.22a.75.75 0 0 1 0 1.06l-7.25 7.25a.75.75 0 0 1-1.06 0L2.22 9.28a.751.751 0 0 1 .018-1.042.751.751 0 0 1 1.042-.018L6 10.94l6.72-6.72a.75.75 0 0 1 1.06 0Z\"><\/path><\/svg><span class=\"ctc-button-text\">Iban Kopyala<\/span>\t\t<\/button>\n\t\t\t\t\t<\/div>\n\t\t\t\t\t<textarea selection-target=\"\" class=\"ctc-copy-content\" style=\"display: none;\">430015700000000145084378<\/textarea>\n\t\t\t\t<\/div>\n\t\t\t\t\t\t<\/div>\n\t\t\t\t<\/div>\n\t\t\t\t<\/div>\n\t\t<div class=\"elementor-element elementor-element-463702c e-con-full e-flex e-con e-child\" data-id=\"463702c\" data-element_type=\"container\" data-e-type=\"container\">\n\t\t\t\t<div class=\"elementor-element elementor-element-23ab47d elementor-widget elementor-widget-image\" data-id=\"23ab47d\" data-element_type=\"widget\" data-e-type=\"widget\" data-widget_type=\"image.default\">\n\t\t\t\t\t\t\t\t\t\t\t\t<figure class=\"wp-caption\">\n\t\t\t\t\t\t\t\t\t\t\t<a href=\"https:\/\/pspyazilim.com\/wp-content\/uploads\/2025\/09\/EnParaPspYazilim.png\" data-elementor-open-lightbox=\"yes\" data-elementor-lightbox-title=\"EnParaPspYazilim\" data-e-action-hash=\"#elementor-action%3Aaction%3Dlightbox%26settings%3DeyJpZCI6MzU4MiwidXJsIjoiaHR0cHM6XC9cL3BzcHlhemlsaW0uY29tXC93cC1jb250ZW50XC91cGxvYWRzXC8yMDI1XC8wOVwvRW5QYXJhUHNwWWF6aWxpbS5wbmcifQ%3D%3D\">\n\t\t\t\t\t\t\t<img decoding=\"async\" src=\"https:\/\/pspyazilim.com\/wp-content\/uploads\/elementor\/thumbs\/EnParaPspYazilim-rcdgjoc0ld7zygt2r92sir1yi2smzjwgf6o8ael93w.png\" title=\"EnParaPspYazilim\" alt=\"EnParaPspYazilim\" loading=\"lazy\" \/>\t\t\t\t\t\t\t\t<\/a>\n\t\t\t\t\t\t\t\t\t\t\t<figcaption class=\"widget-image-caption wp-caption-text\">B\u00fcy\u00fck Resim<\/figcaption>\n\t\t\t\t\t\t\t\t\t\t<\/figure>\n\t\t\t\t\t\t\t\t\t<\/div>\n\t\t\t\t<\/div>\n\t\t\t\t<\/div>\n\t\t<div class=\"elementor-element elementor-element-5a3e991 e-con-full e-flex e-con e-child\" data-id=\"5a3e991\" data-element_type=\"container\" data-e-type=\"container\" data-settings=\"{&quot;background_background&quot;:&quot;classic&quot;}\">\n\t\t<div class=\"elementor-element elementor-element-653ff97 e-con-full e-flex e-con e-child\" data-id=\"653ff97\" data-element_type=\"container\" data-e-type=\"container\">\n\t\t<div class=\"elementor-element elementor-element-b88cc72 e-con-full e-flex e-con e-child\" data-id=\"b88cc72\" data-element_type=\"container\" data-e-type=\"container\">\n\t\t\t\t<div class=\"elementor-element elementor-element-d465ede elementor-widget elementor-widget-text-editor\" data-id=\"d465ede\" data-element_type=\"widget\" data-e-type=\"widget\" data-settings=\"{&quot;_animation&quot;:&quot;none&quot;}\" data-widget_type=\"text-editor.default\">\n\t\t\t\t\t\t\t\t\t<table width=\"441\"><tbody><tr><td width=\"145\">Hesap Sahibi<\/td><td width=\"296\">Neslihan YE\u015e\u0130L<\/td><\/tr><tr><td>Bankas\u0131<\/td><td>Enpara\u00a0Bank\u00a0A.\u015e.<\/td><\/tr><tr><td>\u015eubesi<\/td><td>Enpara<\/td><\/tr><tr><td>\u015eube Kodu<\/td><td>03663<\/td><\/tr><tr><td>Hesap No<\/td><td>49883843<\/td><\/tr><tr><td>IBAN No<\/td><td>TR42 0015 7000 0000 0049 8838 43<\/td><\/tr><\/tbody><\/table>\t\t\t\t\t\t\t\t<\/div>\n\t\t\t\t<div class=\"elementor-element elementor-element-6dc9aaf elementor-widget elementor-widget-ctc_copy_button\" data-id=\"6dc9aaf\" data-element_type=\"widget\" data-e-type=\"widget\" data-widget_type=\"ctc_copy_button.default\">\n\t\t\t\t<div class=\"elementor-widget-container\">\n\t\t\t\t\t\t\t<div class=\"ctc-block ctc-copy-button\">\n\t\t\t<div class=\"ctc-block-actions\">\n\t\t\t\t\t\t<button class=\"ctc-block-copy ctc-with-icon\" copy-as-raw='yes' data-copied=\"Kopyaland\u0131\">\n\t\t\t<svg aria-hidden=\"true\" focusable=\"false\" role=\"img\" class=\"copy-icon\" viewBox=\"0 0 16 16\" width=\"16\" height=\"16\" fill=\"currentColor\"><path d=\"M0 6.75C0 5.784.784 5 1.75 5h1.5a.75.75 0 0 1 0 1.5h-1.5a.25.25 0 0 0-.25.25v7.5c0 .138.112.25.25.25h7.5a.25.25 0 0 0 .25-.25v-1.5a.75.75 0 0 1 1.5 0v1.5A1.75 1.75 0 0 1 9.25 16h-7.5A1.75 1.75 0 0 1 0 14.25Z\"><\/path><path d=\"M5 1.75C5 .784 5.784 0 6.75 0h7.5C15.216 0 16 .784 16 1.75v7.5A1.75 1.75 0 0 1 14.25 11h-7.5A1.75 1.75 0 0 1 5 9.25Zm1.75-.25a.25.25 0 0 0-.25.25v7.5c0 .138.112.25.25.25h7.5a.25.25 0 0 0 .25-.25v-7.5a.25.25 0 0 0-.25-.25Z\"><\/path><\/svg><svg aria-hidden=\"true\" height=\"16\" viewBox=\"0 0 16 16\" version=\"1.1\" width=\"16\" data-view-component=\"true\" class=\"check-icon\" fill=\"currentColor\"><path d=\"M13.78 4.22a.75.75 0 0 1 0 1.06l-7.25 7.25a.75.75 0 0 1-1.06 0L2.22 9.28a.751.751 0 0 1 .018-1.042.751.751 0 0 1 1.042-.018L6 10.94l6.72-6.72a.75.75 0 0 1 1.06 0Z\"><\/path><\/svg><span class=\"ctc-button-text\">Iban Kopyala<\/span>\t\t<\/button>\n\t\t\t\t\t<\/div>\n\t\t\t\t\t<textarea selection-target=\"\" class=\"ctc-copy-content\" style=\"display: none;\">420015700000000049883843<\/textarea>\n\t\t\t\t<\/div>\n\t\t\t\t\t\t<\/div>\n\t\t\t\t<\/div>\n\t\t\t\t<\/div>\n\t\t\t\t<\/div>\n\t\t<div class=\"elementor-element elementor-element-b047df6 e-con-full e-flex e-con e-child\" data-id=\"b047df6\" data-element_type=\"container\" data-e-type=\"container\">\n\t\t\t\t<div class=\"elementor-element elementor-element-2a8b2b6 elementor-widget elementor-widget-image\" data-id=\"2a8b2b6\" data-element_type=\"widget\" data-e-type=\"widget\" data-widget_type=\"image.default\">\n\t\t\t\t\t\t\t\t\t\t\t\t<figure class=\"wp-caption\">\n\t\t\t\t\t\t\t\t\t\t\t<a href=\"https:\/\/pspyazilim.com\/wp-content\/uploads\/2025\/09\/EnParaNeslihanYesil.png\" data-elementor-open-lightbox=\"yes\" data-elementor-lightbox-title=\"EnParaNeslihanYesil\" data-e-action-hash=\"#elementor-action%3Aaction%3Dlightbox%26settings%3DeyJpZCI6MzU4NCwidXJsIjoiaHR0cHM6XC9cL3BzcHlhemlsaW0uY29tXC93cC1jb250ZW50XC91cGxvYWRzXC8yMDI1XC8wOVwvRW5QYXJhTmVzbGloYW5ZZXNpbC5wbmcifQ%3D%3D\">\n\t\t\t\t\t\t\t<img decoding=\"async\" src=\"https:\/\/pspyazilim.com\/wp-content\/uploads\/elementor\/thumbs\/EnParaNeslihanYesil-rcdgmxtubnou9q2ep5v5ofekr8pippuwjc7x9zr1i4.png\" title=\"EnParaNeslihanYesil\" alt=\"EnParaNeslihanYesil\" loading=\"lazy\" \/>\t\t\t\t\t\t\t\t<\/a>\n\t\t\t\t\t\t\t\t\t\t\t<figcaption class=\"widget-image-caption wp-caption-text\">B\u00fcy\u00fck Resim<\/figcaption>\n\t\t\t\t\t\t\t\t\t\t<\/figure>\n\t\t\t\t\t\t\t\t\t<\/div>\n\t\t\t\t<\/div>\n\t\t\t\t<\/div>\n\t\t<div class=\"elementor-element elementor-element-4116a8b e-con-full e-flex e-con e-child\" data-id=\"4116a8b\" data-element_type=\"container\" data-e-type=\"container\" data-settings=\"{&quot;background_background&quot;:&quot;classic&quot;}\">\n\t\t<div class=\"elementor-element elementor-element-60b6af0 e-con-full e-flex e-con e-child\" data-id=\"60b6af0\" data-element_type=\"container\" data-e-type=\"container\">\n\t\t<div class=\"elementor-element elementor-element-4430464 e-con-full e-flex e-con e-child\" data-id=\"4430464\" data-element_type=\"container\" data-e-type=\"container\">\n\t\t\t\t<div class=\"elementor-element elementor-element-4fb6d26 elementor-widget elementor-widget-text-editor\" data-id=\"4fb6d26\" data-element_type=\"widget\" data-e-type=\"widget\" data-settings=\"{&quot;_animation&quot;:&quot;none&quot;}\" data-widget_type=\"text-editor.default\">\n\t\t\t\t\t\t\t\t\t<table width=\"441\"><tbody><tr><td width=\"145\">Hesap Sahibi<\/td><td width=\"296\">Neslihan YE\u015e\u0130L<\/td><\/tr><tr><td>Bankas\u0131<\/td><td>Garanti<\/td><\/tr><tr><td>\u015eubesi<\/td><td>Garanti Bankas\u0131<\/td><\/tr><tr><td>\u015eube Kodu<\/td><td>0329<\/td><\/tr><tr><td>Hesap No<\/td><td>6684694<\/td><\/tr><tr><td>IBAN No<\/td><td>TR76 0006 2000 3290 0006 6846 94<\/td><\/tr><\/tbody><\/table>\t\t\t\t\t\t\t\t<\/div>\n\t\t\t\t<div class=\"elementor-element elementor-element-c81b0d1 elementor-widget elementor-widget-ctc_copy_button\" data-id=\"c81b0d1\" data-element_type=\"widget\" data-e-type=\"widget\" data-widget_type=\"ctc_copy_button.default\">\n\t\t\t\t<div class=\"elementor-widget-container\">\n\t\t\t\t\t\t\t<div class=\"ctc-block ctc-copy-button\">\n\t\t\t<div class=\"ctc-block-actions\">\n\t\t\t\t\t\t<button class=\"ctc-block-copy ctc-with-icon\" copy-as-raw='yes' data-copied=\"Kopyaland\u0131\">\n\t\t\t<svg aria-hidden=\"true\" focusable=\"false\" role=\"img\" class=\"copy-icon\" viewBox=\"0 0 16 16\" width=\"16\" height=\"16\" fill=\"currentColor\"><path d=\"M0 6.75C0 5.784.784 5 1.75 5h1.5a.75.75 0 0 1 0 1.5h-1.5a.25.25 0 0 0-.25.25v7.5c0 .138.112.25.25.25h7.5a.25.25 0 0 0 .25-.25v-1.5a.75.75 0 0 1 1.5 0v1.5A1.75 1.75 0 0 1 9.25 16h-7.5A1.75 1.75 0 0 1 0 14.25Z\"><\/path><path d=\"M5 1.75C5 .784 5.784 0 6.75 0h7.5C15.216 0 16 .784 16 1.75v7.5A1.75 1.75 0 0 1 14.25 11h-7.5A1.75 1.75 0 0 1 5 9.25Zm1.75-.25a.25.25 0 0 0-.25.25v7.5c0 .138.112.25.25.25h7.5a.25.25 0 0 0 .25-.25v-7.5a.25.25 0 0 0-.25-.25Z\"><\/path><\/svg><svg aria-hidden=\"true\" height=\"16\" viewBox=\"0 0 16 16\" version=\"1.1\" width=\"16\" data-view-component=\"true\" class=\"check-icon\" fill=\"currentColor\"><path d=\"M13.78 4.22a.75.75 0 0 1 0 1.06l-7.25 7.25a.75.75 0 0 1-1.06 0L2.22 9.28a.751.751 0 0 1 .018-1.042.751.751 0 0 1 1.042-.018L6 10.94l6.72-6.72a.75.75 0 0 1 1.06 0Z\"><\/path><\/svg><span class=\"ctc-button-text\">Iban Kopyala<\/span>\t\t<\/button>\n\t\t\t\t\t<\/div>\n\t\t\t\t\t<textarea selection-target=\"\" class=\"ctc-copy-content\" style=\"display: none;\">760006200032900006684694<\/textarea>\n\t\t\t\t<\/div>\n\t\t\t\t\t\t<\/div>\n\t\t\t\t<\/div>\n\t\t\t\t<\/div>\n\t\t\t\t<\/div>\n\t\t<div class=\"elementor-element elementor-element-5c7dc5e e-con-full e-flex e-con e-child\" data-id=\"5c7dc5e\" data-element_type=\"container\" data-e-type=\"container\">\n\t\t\t\t<div class=\"elementor-element elementor-element-467b0fb elementor-widget elementor-widget-image\" data-id=\"467b0fb\" data-element_type=\"widget\" data-e-type=\"widget\" data-widget_type=\"image.default\">\n\t\t\t\t\t\t\t\t\t\t\t\t<figure class=\"wp-caption\">\n\t\t\t\t\t\t\t\t\t\t\t<a href=\"https:\/\/pspyazilim.com\/wp-content\/uploads\/2024\/12\/Garanti_NY.jpg\" data-elementor-open-lightbox=\"yes\" data-elementor-lightbox-title=\"Garanti_NY\" data-e-action-hash=\"#elementor-action%3Aaction%3Dlightbox%26settings%3DeyJpZCI6MjMyNiwidXJsIjoiaHR0cHM6XC9cL3BzcHlhemlsaW0uY29tXC93cC1jb250ZW50XC91cGxvYWRzXC8yMDI0XC8xMlwvR2FyYW50aV9OWS53ZWJwIn0%3D\">\n\t\t\t\t\t\t\t<img decoding=\"async\" src=\"https:\/\/pspyazilim.com\/wp-content\/uploads\/elementor\/thumbs\/Garanti_NY-r108p58toksxwmqe01ohvun0y5c65gxsjkt6gsodp8.webp\" title=\"Garanti_NY\" alt=\"Garanti_NY\" loading=\"lazy\" \/>\t\t\t\t\t\t\t\t<\/a>\n\t\t\t\t\t\t\t\t\t\t\t<figcaption class=\"widget-image-caption wp-caption-text\">B\u00fcy\u00fck Resim<\/figcaption>\n\t\t\t\t\t\t\t\t\t\t<\/figure>\n\t\t\t\t\t\t\t\t\t<\/div>\n\t\t\t\t<\/div>\n\t\t\t\t<\/div>\n\t\t\t\t<\/div>\n\t\t\t\t\t<\/div>\n\t\t\t\t<\/div>\n\t\t\t\t<\/div>\n\t\t\t\t<\/div>\n\t\t","protected":false},"excerpt":{"rendered":"<p>Banka Hesap Numaralar\u0131 Banka Hesap Numaralar\u0131 Hesap Sahibi PSP YAZILIM Bilgisayar ve Ticaret Ltd. \u015eti. Bankas\u0131 Enpara\u00a0Bank\u00a0A.\u015e. \u015eubesi Enpara \u015eube Kodu 03663 Hesap No 145084378 IBAN No TR43 0015 7000 0000 0145 0843 78 Iban Kopyala 430015700000000145084378 B\u00fcy\u00fck Resim Hesap Sahibi Neslihan YE\u015e\u0130L Bankas\u0131 Enpara\u00a0Bank\u00a0A.\u015e. \u015eubesi Enpara \u015eube Kodu 03663 Hesap No 49883843 IBAN No&#8230;<\/p>\n","protected":false},"author":1,"featured_media":0,"parent":0,"menu_order":0,"comment_status":"closed","ping_status":"closed","template":"","meta":{"_kadence_starter_templates_imported_post":false,"_kad_post_transparent":"","_kad_post_title":"hide","_kad_post_layout":"fullwidth","_kad_post_sidebar_id":"","_kad_post_content_style":"unboxed","_kad_post_vertical_padding":"hide","_kad_post_feature":"hide","_kad_post_feature_position":"","_kad_post_header":false,"_kad_post_footer":false,"_kad_post_classname":"","_joinchat":[],"footnotes":""},"class_list":["post-574","page","type-page","status-publish","hentry"],"_links":{"self":[{"href":"https:\/\/pspyazilim.com\/index.php?rest_route=\/wp\/v2\/pages\/574","targetHints":{"allow":["GET"]}}],"collection":[{"href":"https:\/\/pspyazilim.com\/index.php?rest_route=\/wp\/v2\/pages"}],"about":[{"href":"https:\/\/pspyazilim.com\/index.php?rest_route=\/wp\/v2\/types\/page"}],"author":[{"embeddable":true,"href":"https:\/\/pspyazilim.com\/index.php?rest_route=\/wp\/v2\/users\/1"}],"replies":[{"embeddable":true,"href":"https:\/\/pspyazilim.com\/index.php?rest_route=%2Fwp%2Fv2%2Fcomments&post=574"}],"version-history":[{"count":250,"href":"https:\/\/pspyazilim.com\/index.php?rest_route=\/wp\/v2\/pages\/574\/revisions"}],"predecessor-version":[{"id":3809,"href":"https:\/\/pspyazilim.com\/index.php?rest_route=\/wp\/v2\/pages\/574\/revisions\/3809"}],"wp:attachment":[{"href":"https:\/\/pspyazilim.com\/index.php?rest_route=%2Fwp%2Fv2%2Fmedia&parent=574"}],"curies":[{"name":"wp","href":"https:\/\/api.w.org\/{rel}","templated":true}]}}